{"id":9942,"date":"2018-09-05T20:21:53","date_gmt":"2018-09-05T18:21:53","guid":{"rendered":"https:\/\/www.topohvar.at\/?page_id=9942"},"modified":"2021-05-12T18:36:34","modified_gmt":"2021-05-12T16:36:34","slug":"gv-tr-49-1","status":"publish","type":"page","link":"https:\/\/www.topohvar.at\/topo\/orte\/gv\/gv-tr-49-1\/","title":{"rendered":"VELO GRABLJE &#8211; Trim \u00bbGV-TR-49\u00ab"},"content":{"rendered":"<p><a name=\"seite_oben\"><\/a><br \/>\n<strong><img loading=\"lazy\" decoding=\"async\" class=\"aligncenter wp-image-23807 size-full\" src=\"https:\/\/www.topohvar.at\/wp-content\/uploads\/2019\/07\/gv-tr-49-12.jpg\" alt=\"\" width=\"1080\" height=\"530\" srcset=\"https:\/\/www.topohvar.at\/wp-content\/uploads\/2019\/07\/gv-tr-49-12.jpg 1080w, https:\/\/www.topohvar.at\/wp-content\/uploads\/2019\/07\/gv-tr-49-12-300x147.jpg 300w, https:\/\/www.topohvar.at\/wp-content\/uploads\/2019\/07\/gv-tr-49-12-768x377.jpg 768w, https:\/\/www.topohvar.at\/wp-content\/uploads\/2019\/07\/gv-tr-49-12-1024x503.jpg 1024w\" sizes=\"auto, (max-width: 1080px) 100vw, 1080px\" \/><\/strong><\/p>\n<p><strong>Ime \/ Name<br \/>\n<\/strong>Trim \u00bbGV-TR-49\u00ab<\/p>\n<p><strong>Code: <\/strong>GV-TR-49\u00a0 \u00a0 \u00a0 \u00a0 \u00a0 \u00a0 \u00a0 \u00a0 \u00a0 \u00a0 \u00a0 \u00a0 \u00a0 \u00a0 \u00a0 \u00a0<strong><a href=\"https:\/\/www.topohvar.at\/orte\/gv\/gv-tr-00-1\/\"><img loading=\"lazy\" decoding=\"async\" class=\"alignnone wp-image-12300 size-full\" src=\"https:\/\/www.topohvar.at\/wp-content\/uploads\/2018\/09\/push-vor-30.jpg\" alt=\"\" width=\"61\" height=\"30\" \/><\/a> <a href=\"https:\/\/www.topohvar.at\/orte\/gv\/gv-tr-20-1\/\"><img loading=\"lazy\" decoding=\"async\" class=\"alignnone wp-image-533 size-full\" src=\"https:\/\/www.topohvar.at\/wp-content\/uploads\/2018\/07\/push-l-30.jpg\" alt=\"\" width=\"61\" height=\"30\" \/><\/a> <a href=\"https:\/\/www.topohvar.at\/orte\/gv\/\"><img loading=\"lazy\" decoding=\"async\" class=\"alignnone wp-image-535 size-full\" src=\"https:\/\/www.topohvar.at\/wp-content\/uploads\/2018\/07\/push-o-30.jpg\" alt=\"\" width=\"61\" height=\"30\" \/><\/a> <a href=\"https:\/\/www.topohvar.at\/orte\/gv\/gv-tr-50-1\/\"><img loading=\"lazy\" decoding=\"async\" class=\"alignnone wp-image-536 size-full\" src=\"https:\/\/www.topohvar.at\/wp-content\/uploads\/2018\/07\/push-r-30.jpg\" alt=\"\" width=\"61\" height=\"30\" \/><\/a><\/strong><\/p>\n<hr \/>\n<p><strong>Adresa \/ Adresse<br \/>\n<\/strong>Velo Grablje<\/p>\n<p><span style=\"color: #3366ff;\"><strong>Lokacija \/ Position<a style=\"color: #3366ff;\" href=\"https:\/\/goo.gl\/maps\/u2dJ3mC826bPDEYg6\"><img loading=\"lazy\" decoding=\"async\" class=\"alignright wp-image-10392\" src=\"https:\/\/www.topohvar.at\/wp-content\/uploads\/2018\/09\/1530.jpg\" alt=\"\" width=\"134\" height=\"100\" \/><\/a><br \/>\n<\/strong><a style=\"color: #3366ff;\" href=\"https:\/\/goo.gl\/maps\/u2dJ3mC826bPDEYg6\">Latitude: N 43,16925\u00b0\u00a0 \u00a0Longitude: E 16,54911\u00b0<\/a> <\/span><strong><br \/>\n<\/strong>Visina \/ H\u00f6he: 226 m<\/p>\n<p><strong>Katastarska \u010destica \/ Grundst\u00fccke<br \/>\n<\/strong>5587\/6\u00a0<div class='content-column one_half'><div style=\"padding-right:6px;\"><p><strong>Datum snimanja \/ Erfassungsdatum<br \/>\n<\/strong>31.05.2017 10:43:19<\/p>\n<hr \/>\n<p><strong>Informacije<\/strong><\/p>\n<p>Trim se nalazi na kamenoj terasi na padini ispod povijesne Napoleonske ceste. U stjenovitom interijeru nalaze se dvije zidne ni\u0161e. On je u dobrom stanju, ali se jedva kori\u0161ten.<\/p><\/div><\/div><div class='content-column one_half last_column'><div style=\"padding-right:0px;padding-left:6px;\"><p><strong>Stupanj za\u0161tite \/ Schutzstellung<br \/>\n<\/strong>&#8211;<\/p>\n<hr \/>\n<p><strong>Info<\/strong><\/p>\n<p>Der Trim befindet sich auf einer Steinterrasse am Berghang unterhalb der historischen Napoleon-Stra\u00dfe. In seinem felsigen Innenraum befinden sich zwei Wandnischen. Er ist\u00a0in einem guten Zustand,\u00a0 wird aber kaum noch genutzt.<\/p><\/div><\/div><div class='clear_column'><\/div><div class='content-column one_half'><div style=\"padding-right:6px;\"><div id=\"attachment_23806\" style=\"width: 310px\" class=\"wp-caption aligncenter\"><img loading=\"lazy\" decoding=\"async\" aria-describedby=\"caption-attachment-23806\" class=\"size-medium wp-image-23806\" src=\"https:\/\/www.topohvar.at\/wp-content\/uploads\/2019\/07\/gv-tr-49-11-300x300.jpg\" alt=\"\" width=\"300\" height=\"300\" srcset=\"https:\/\/www.topohvar.at\/wp-content\/uploads\/2019\/07\/gv-tr-49-11-300x300.jpg 300w, https:\/\/www.topohvar.at\/wp-content\/uploads\/2019\/07\/gv-tr-49-11-150x150.jpg 150w, https:\/\/www.topohvar.at\/wp-content\/uploads\/2019\/07\/gv-tr-49-11.jpg 450w\" sizes=\"auto, (max-width: 300px) 100vw, 300px\" \/><p id=\"caption-attachment-23806\" class=\"wp-caption-text\">Ulaz \/ Eingang<\/p><\/div>\n<p>Dana 24.05.2019 trim je posje\u0107en i prona\u0111en je sljede\u0107i<\/p>\n<p>Lokacija: grmlje<br \/>\nPodzemlje: padina<br \/>\nSklop: kameni zid<br \/>\nUpotreba: malo se koristi<br \/>\nStanje izgradnje: dobro sa\u010duvan<br \/>\nBroj prstenova trima: jedan prsten<br \/>\nDodatni kameni prsten: nema kamenog prstena<br \/>\nStepeni\u0161te: nema stepenica<br \/>\nOblik kamena: uglast<br \/>\nPodru\u010dje ispred ulaza: lako dostupni<br \/>\nVrata na stranicu: SZ (320\u00b0)<br \/>\nPromjer trima (cm): 480<br \/>\nVisina trima (cm): 290<br \/>\nVisina prstena (cm): 235<br \/>\nDebljina zida (cm): 80<br \/>\n\u0160irina vrata (cm): 75<br \/>\nVisina vrata (cm): 90<br \/>\n\u0160irina unutra (cm): 260 &#8211; 320<br \/>\nVisina unutra (cm): 270<br \/>\nVolumen iznutra (m3): 9,93<br \/>\nni\u0161a 1 (P\/\u0160\/V\/D) (cm): 160 \/ 15 \/ 20 \/ 30<br \/>\nni\u0161a 2 (P\/\u0160\/V\/D) (cm): 75 \/ 20 \/ 25 \/ 45<\/p><\/div><\/div><div class='content-column one_half last_column'><div style=\"padding-right:0px;padding-left:6px;\"><div id=\"attachment_23808\" style=\"width: 310px\" class=\"wp-caption aligncenter\"><img loading=\"lazy\" decoding=\"async\" aria-describedby=\"caption-attachment-23808\" class=\"size-medium wp-image-23808\" src=\"https:\/\/www.topohvar.at\/wp-content\/uploads\/2019\/07\/gv-tr-49-13-300x300.jpg\" alt=\"\" width=\"300\" height=\"300\" srcset=\"https:\/\/www.topohvar.at\/wp-content\/uploads\/2019\/07\/gv-tr-49-13-300x300.jpg 300w, https:\/\/www.topohvar.at\/wp-content\/uploads\/2019\/07\/gv-tr-49-13-150x150.jpg 150w, https:\/\/www.topohvar.at\/wp-content\/uploads\/2019\/07\/gv-tr-49-13.jpg 450w\" sizes=\"auto, (max-width: 300px) 100vw, 300px\" \/><p id=\"caption-attachment-23808\" class=\"wp-caption-text\">Pogled na sjeveroistok \/ Blick nach Nordosten<\/p><\/div>\n<p>Am 24.05.2019 wurde der Trim besucht und untersucht<\/p>\n<p>Standort: Buschwerk<br \/>\nUntergrund: Hanglage<br \/>\nVerbunden mit: Steinmauer<br \/>\nNutzung: kaum genutzt<br \/>\nZustand: gut erhalten<br \/>\nRinge\/Stufen des Trim: einstufig<br \/>\nZus\u00e4tzlicher Steinring: kein Steinring<br \/>\nStiege: keine Stufen<br \/>\nSteinform: kantig<br \/>\nEingangsbereich: frei<br \/>\nEingangsseite: NW (320\u00b0)<br \/>\nTrimdurchmesser (cm): 480<br \/>\nTrimh\u00f6he (cm): 290<br \/>\nStufen\/Ringh\u00f6he (cm): 235<br \/>\nWandst\u00e4rke: 80<br \/>\nT\u00fcrbreite (cm): 75<br \/>\nT\u00fcrh\u00f6he (cm): 90<br \/>\nInnenraumbreite (cm): 260 &#8211; 320<br \/>\nInnenraumh\u00f6he (cm): 270<br \/>\nRaumvolumen (m3): 9,93<br \/>\nNische 1 (P\/B\/H\/T) (cm): 160 \/ 15 \/ 20 \/ 30<br \/>\nNische 2 (P\/B\/H\/T) (cm): 75 \/ 20 \/ 25 \/ 45<\/p><\/div><\/div><div class='clear_column'><\/div><\/p>\n<p><img loading=\"lazy\" decoding=\"async\" class=\"aligncenter size-full wp-image-23809\" src=\"https:\/\/www.topohvar.at\/wp-content\/uploads\/2019\/07\/gv-tr-49-sca.jpg\" alt=\"\" width=\"640\" height=\"964\" srcset=\"https:\/\/www.topohvar.at\/wp-content\/uploads\/2019\/07\/gv-tr-49-sca.jpg 640w, https:\/\/www.topohvar.at\/wp-content\/uploads\/2019\/07\/gv-tr-49-sca-199x300.jpg 199w\" sizes=\"auto, (max-width: 640px) 100vw, 640px\" \/><\/p>\n<p style=\"text-align: right;\"><a href=\"#seite_oben\">natrag na vrh \/ Seitenanfang<\/a><\/p>\n<hr \/>\n<p><strong>Linkovi \/ Links<\/strong><\/p>\n<p>&#8211;<\/p>\n","protected":false},"excerpt":{"rendered":"<p>Ime \/ Name Trim \u00bbGV-TR-49\u00ab Code: GV-TR-49\u00a0 \u00a0 \u00a0 \u00a0 \u00a0 \u00a0 \u00a0 \u00a0 \u00a0 \u00a0 \u00a0 \u00a0 \u00a0 \u00a0 \u00a0 \u00a0 Adresa \/ Adresse Velo Grablje Lokacija \/ Position Latitude: N 43,16925\u00b0\u00a0 \u00a0Longitude: E 16,54911\u00b0 Visina \/ H\u00f6he: 226 &hellip; <a href=\"https:\/\/www.topohvar.at\/topo\/orte\/gv\/gv-tr-49-1\/\">Weiterlesen <span class=\"meta-nav\">&rarr;<\/span><\/a><\/p>\n","protected":false},"author":1,"featured_media":0,"parent":76,"menu_order":0,"comment_status":"closed","ping_status":"closed","template":"","meta":{"footnotes":""},"class_list":["post-9942","page","type-page","status-publish","hentry"],"_links":{"self":[{"href":"https:\/\/www.topohvar.at\/topo\/wp-json\/wp\/v2\/pages\/9942","targetHints":{"allow":["GET"]}}],"collection":[{"href":"https:\/\/www.topohvar.at\/topo\/wp-json\/wp\/v2\/pages"}],"about":[{"href":"https:\/\/www.topohvar.at\/topo\/wp-json\/wp\/v2\/types\/page"}],"author":[{"embeddable":true,"href":"https:\/\/www.topohvar.at\/topo\/wp-json\/wp\/v2\/users\/1"}],"replies":[{"embeddable":true,"href":"https:\/\/www.topohvar.at\/topo\/wp-json\/wp\/v2\/comments?post=9942"}],"version-history":[{"count":12,"href":"https:\/\/www.topohvar.at\/topo\/wp-json\/wp\/v2\/pages\/9942\/revisions"}],"predecessor-version":[{"id":49266,"href":"https:\/\/www.topohvar.at\/topo\/wp-json\/wp\/v2\/pages\/9942\/revisions\/49266"}],"up":[{"embeddable":true,"href":"https:\/\/www.topohvar.at\/topo\/wp-json\/wp\/v2\/pages\/76"}],"wp:attachment":[{"href":"https:\/\/www.topohvar.at\/topo\/wp-json\/wp\/v2\/media?parent=9942"}],"curies":[{"name":"wp","href":"https:\/\/api.w.org\/{rel}","templated":true}]}}