{"id":999,"date":"2018-07-28T12:17:18","date_gmt":"2018-07-28T10:17:18","guid":{"rendered":"https:\/\/www.topohvar.at\/?page_id=999"},"modified":"2021-08-24T16:53:48","modified_gmt":"2021-08-24T14:53:48","slug":"br-is-06-2","status":"publish","type":"page","link":"https:\/\/www.topohvar.at\/topo\/orte\/br\/br-is-06-2\/","title":{"rendered":"BRUSJE &#8211; Spomen plo\u010da \u00bbIvan Merz\u00ab"},"content":{"rendered":"<p><a name=\"seite_oben\"><\/a><br \/>\n<strong><img loading=\"lazy\" decoding=\"async\" class=\"alignnone wp-image-1032 size-large\" src=\"https:\/\/www.topohvar.at\/wp-content\/uploads\/2018\/07\/BR-IS-06-1-1024x503.jpg\" alt=\"\" width=\"640\" height=\"314\" srcset=\"https:\/\/www.topohvar.at\/wp-content\/uploads\/2018\/07\/BR-IS-06-1-1024x503.jpg 1024w, https:\/\/www.topohvar.at\/wp-content\/uploads\/2018\/07\/BR-IS-06-1-300x147.jpg 300w, https:\/\/www.topohvar.at\/wp-content\/uploads\/2018\/07\/BR-IS-06-1-768x377.jpg 768w\" sizes=\"auto, (max-width: 640px) 100vw, 640px\" \/><\/strong><\/p>\n<p><strong>Ime \/ Name<br \/>\n<\/strong>Spomen plo\u010da \u00bbIvan Merz\u00ab \/ Gedenktafel \u00bbIvan Merz\u00ab<\/p>\n<p><strong>Code: <\/strong>BR-IS-06\u00a0 \u00a0 \u00a0 \u00a0 \u00a0 \u00a0 \u00a0 \u00a0 \u00a0 \u00a0 \u00a0 \u00a0 \u00a0 \u00a0 \u00a0 \u00a0 \u00a0 \u00a0 \u00a0 <a href=\"https:\/\/www.topohvar.at\/orte\/br\/br-ip-01-2\/\"><img loading=\"lazy\" decoding=\"async\" class=\"alignnone wp-image-12300 size-full\" src=\"https:\/\/www.topohvar.at\/wp-content\/uploads\/2018\/09\/push-vor-30.jpg\" alt=\"\" width=\"61\" height=\"30\" \/><\/a>\u00a0<strong><a href=\"https:\/\/www.topohvar.at\/orte\/br\/br-is-05-2\/\"><img loading=\"lazy\" decoding=\"async\" class=\"alignnone wp-image-533 size-full\" src=\"https:\/\/www.topohvar.at\/wp-content\/uploads\/2018\/07\/push-l-30.jpg\" alt=\"\" width=\"61\" height=\"30\" \/><\/a> <a href=\"https:\/\/www.topohvar.at\/orte\/br\/\"><img loading=\"lazy\" decoding=\"async\" class=\"alignnone wp-image-535 size-full\" src=\"https:\/\/www.topohvar.at\/wp-content\/uploads\/2018\/07\/push-o-30.jpg\" alt=\"\" width=\"61\" height=\"30\" \/><\/a> <a href=\"https:\/\/www.topohvar.at\/orte\/br\/br-is-07-2\/\"><img loading=\"lazy\" decoding=\"async\" class=\"alignnone wp-image-536 size-full\" src=\"https:\/\/www.topohvar.at\/wp-content\/uploads\/2018\/07\/push-r-30.jpg\" alt=\"\" width=\"61\" height=\"30\" \/><\/a><\/strong><\/p>\n<hr \/>\n<p><strong>Adresa \/ Adresse<br \/>\n<\/strong>Brusje, trg Bl. Ivana Merza<\/p>\n<p><strong>Lokacija<\/strong><strong> \/ Position<a href=\"https:\/\/goo.gl\/maps\/ksawpKoFGetExb2W7\"><img loading=\"lazy\" decoding=\"async\" class=\"alignright wp-image-797\" src=\"https:\/\/www.topohvar.at\/wp-content\/uploads\/2018\/07\/0030.jpg\" alt=\"\" width=\"132\" height=\"100\" \/><\/a><br \/>\n<\/strong><span style=\"color: #3366ff;\"><a style=\"color: #3366ff;\" href=\"https:\/\/goo.gl\/maps\/ksawpKoFGetExb2W7\">Latitude: N 43,18984\u00b0\u00a0 \u00a0Longitude: E 16,48829\u00b0<\/a> <\/span><strong><br \/>\n<\/strong>Visina \/ H\u00f6he: 331 m<\/p>\n<p><strong>Katastarska \u010destica<\/strong><strong> \/ Grundst\u00fccke<br \/>\n<\/strong>*219<div class='content-column one_half'><div style=\"padding-right:6px;\"><p><strong>Datum snimanja \/ Erfassungsdatum<br \/>\n<\/strong>25.09.2015 12:59:49<\/p>\n<hr \/>\n<p><strong>Informacije<\/strong><\/p>\n<p>Kao i kod crkve u Velom Grablju, tako je i kod crkve Brusju postavljena spomen-plo\u010da Johannesu Merzu. Na njemu je sljede\u0107i natpis:<\/p><\/div><\/div><div class='content-column one_half last_column'><div style=\"padding-right:0px;padding-left:6px;\"><p><strong>Stupanj za\u0161tite<\/strong><strong> \/ Schutzstellung<br \/>\n<\/strong>&#8211;<\/p>\n<hr \/>\n<p><strong>Info<\/strong><\/p>\n<p>Wie an der Kirche in Velo Grablje wurde auch hier an der Kirche in Brusje eine Gedenktafel an Johannes Merz angebracht. Sie tr\u00e4gt folgende Inschrift:<\/p><\/div><\/div><div class='clear_column'><\/div><div class='content-column one_half'><div style=\"padding-right:6px;\"><p style=\"text-align: center;\">BLA\u017dENI IVAN MERZ<br \/>\n1896. \u2013 1928.<br \/>\nAPOSTOL HRVATSKE MLADE\u017dI<br \/>\nI VELIKI \u0160TOVATELJ SV. EUHARISTIJE,<br \/>\nPOSJETO JE OVU CRKVU<br \/>\nI U NJOJ SE MOLIO U MJESECU RUJNU 1927.G.<br \/>\nPRIGODOM SVOG POHODA<br \/>\nORLOVSKOM DRU\u0160TVU U BRUSJU<br \/>\nZA VRIJEME ZASLU\u017dNOG \u017dUPNIKA<br \/>\nDON JURJA DUL\u010cI\u0106A.<br \/>\nBLA\u017dENI IVANE,<br \/>\nMOLI ZA HRVATSKI NAROD I NJEGOVU MLADE\u017d!<\/p><\/div><\/div><div class='content-column one_half last_column'><div style=\"padding-right:0px;padding-left:6px;\"><p style=\"text-align: center;\">Seliger Johannes Merz<br \/>\n1896 \u2013 1928<br \/>\nApostolischer kroatischer Jugendlicher<br \/>\nund gro\u00dfer Bewunderer der hl. Eucharistie<br \/>\nbesuchte diese Kirche und<br \/>\nbetete in dieser im September 1927<br \/>\nanl\u00e4sslich der Visitation<br \/>\nder Adlergesellschaft in Brusje<br \/>\nzur Zeit des verdienten Pfarrers<br \/>\nDon Juraj Dul\u010di\u0107.<br \/>\nSeliger Johannes,\u00a0bete<br \/>\nf\u00fcr das kroatische Volk und seine Jugend!<\/p><\/div><\/div><div class='clear_column'><\/div><\/p>\n<hr \/>\n<div class='content-column one_half'><div style=\"padding-right:6px;\"><p><strong>Ivan Merz<\/strong>.\u00a0Ro\u0111en 16.12.1896. u Bosni, umro je 10.5.1928. u Zagrebu.<\/p><\/div><\/div><div class='content-column one_half last_column'><div style=\"padding-right:0px;padding-left:6px;\"><p><strong>Ivan Merz<\/strong>.\u00a0Geboren am 16.12.1896 in Bosnien, gestorben am 10.5.1928 in Zagreb.<\/p><\/div><\/div><div class='clear_column'><\/div><div class='content-column one_half'><div style=\"padding-right:6px;\"><p>Hans Merz, koja je kasnije nazvana Ivanom, poha\u0111ala je srednju \u0161kolu u Banja Luci, gdje je diplomirao 1914. godine, a zatim po\u010deo studirati u Be\u010du. To je prekinuo Prvi svjetski rat, koji je do\u017eivio na prednjem dijelu Italije.<\/p><\/div><\/div><div class='content-column one_half last_column'><div style=\"padding-right:0px;padding-left:6px;\"><p>Hans Merz, der sich sp\u00e4ter Ivan nannte, besuchte das Gymnasium in Banja Luka, auf dem er 1914 das Abitur ablegte und dann mit dem Studium in Wien begann. Dieses wurde vom Ersten Weltkrieg unterbrochen, den er an der Front in Italien erlebte.<\/p><\/div><\/div><div class='clear_column'><\/div><div class='content-column one_half'><div style=\"padding-right:6px;\"><p>Nakon rata nastavlja studij knji\u017eevnosti u Be\u010du i zavr\u0161ava u Parizu. Od 1922. bio je francuski u\u010ditelj u Zagrebu, gdje je tako\u0111er stekao doktorat.<\/p><\/div><\/div><div class='content-column one_half last_column'><div style=\"padding-right:0px;padding-left:6px;\"><p>Nach dem Krieg setzte er sein Studium der Literaturwissenschaft in Wien fort und beendete es in Paris. Seit 1922 war er Franz\u00f6sisch-Lehrer in Zagreb, wo er auch promovierte.<\/p><\/div><\/div><div class='clear_column'><\/div><div class='content-column one_half'><div style=\"padding-right:6px;\"><p>Prvi svjetski rat ga je doveo do duboke pobo\u017enosti. Radio je aktivno kao laik u crkvi i uzeo je moto &#8222;\u017ertveni euharistijski apostolat&#8220;. Ivan Merz smatra se jednim od pionira liturgijskog pokreta u Hrvatskoj i osniva\u010dem Katoli\u010dke akcije u svojoj domovini, za koji je radio kao autor u raznim \u010dasopisima.<\/p><\/div><\/div><div class='content-column one_half last_column'><div style=\"padding-right:0px;padding-left:6px;\"><p>Der Erste Weltkrieg hatte ihn zu einer tiefen Gl\u00e4ubigkeit gebracht. Er arbeitete aktiv als Laie in der Kirche mit und nahm sich zum Wahlspruch \u201eOpfer-Eucharistie-Apostolat\u201c. Ivan Merz gilt als einer der Vork\u00e4mpfer f\u00fcr die liturgische Bewegung in Kroatien und als Begr\u00fcnder der Katholischen Aktion in seiner Heimat, f\u00fcr die er sich als Autor in verschiedenen Zeitschriften einsetzte.<\/p><\/div><\/div><div class='clear_column'><\/div><div class='content-column one_half'><div style=\"padding-right:6px;\"><p>Tako je u rujnu mjesecu 1927. posjetio Vel. Grablje i ondje je sudjelovao na gimnasti\u010dkom sletu orlovskih dru\u0161tava. Don Mate Bla\u0161kovi\u0107, \u017eupnik iz Sv. Nedjelje koji ga je tom prigodom posjetio u Vel. Grablju opisao je svoj susret s bl. Ivanom u jednom \u010dlanku objavljenom nakon smrti bl. Ivana. Ondje spominje kako mu je u \u017eupnoj crkvi u Vel. Grablju bl. Ivan Merz veoma pobo\u017eno ministrirao sv. misu koju je Don Mate slu\u017eio na oltaru Majke Bo\u017eje.<\/p><\/div><\/div><div class='content-column one_half last_column'><div style=\"padding-right:0px;padding-left:6px;\"><p>So besuchte er im September 1927 Velo Grablje und nahm dort an der Kundgebung der Gesellschaft Adler teil. Don Mate Bla\u0161kovi\u0107, Pfarrer von Sv. Nedelja, besuchte zu diesem Anlass Velo Grablje und beschrieb in einem Artikel nach dem Tod des seligen Ivana seine Begegnung mit ihm. Darin wird geschildert, wie in der Pfarrkirche zu Velo Grablje der selige Ivan Merz sehr ehrerbietig in der heiligen Messe am Altar Unserer Lieben Frau dem Don Mate ministriert hatte.<\/p><\/div><\/div><div class='clear_column'><\/div><div class='content-column one_half'><div style=\"padding-right:6px;\"><p>Umro je u ime svetosti. Njegove ideje nastavile su nakon smrti u raznim katoli\u010dkim skupinama.\u00a0Godine 1958. otvoren je proces beatifikacije, a 1977. njegove su kosti preba\u010dene u Baziliku Svetog Srca u Palmoti\u0107evoj ulici u Zagrebu, gdje se redovito molio posljednjih \u0161est godina \u017eivota. Papa Ivan Pavao II. Razgovarao s njim 22. lipnja 2003. godine u Banjoj Luci u Republici Srbiji u Bosni povodom posjeta biskupskom biskupu Franji Komarici bla\u017eenoj.<\/p><\/div><\/div><div class='content-column one_half last_column'><div style=\"padding-right:0px;padding-left:6px;\"><p>Er starb im Ruf der Heiligkeit. Seine Ideen wirkten nach seinem Tode in verschiedenen katholischen Gruppierungen fort. 1958 wurde der Seligsprechungsprozess er\u00f6ffnet, 1977 seine Gebeine in die Herz-Jesu-Basilika in der Palmoti\u0107-Stra\u00dfe in Zagreb \u00fcbertragen, in der er die letzten sechs Jahre seines Lebens regelm\u00e4\u00dfig betete. Papst Johannes Paul II. sprach ihn am 22. Juni 2003 in Banja Luka in der Serbischen Republik in Bosnien anl\u00e4sslich eines Besuchs in der Bischofsstadt von Bischof Franjo Komarica selig.<\/p><\/div><\/div><div class='clear_column'><\/div><div class='content-column one_half'><div style=\"padding-right:6px;\"><p>Dok su njema\u010dki mediji jedva priznavali beatifikaciju, \u010dak i tada hrvatske crkvene novine naglasile su da je otac novog bla\u017eenog Egerlanda do\u0161ao u austrijsku Bosnu od 1878.<\/p><\/div><\/div><div class='content-column one_half last_column'><div style=\"padding-right:0px;padding-left:6px;\"><p>W\u00e4hrend die deutschen Medien die Seligsprechung kaum zur Kenntnis nahmen, betonten schon damals die kroatischen Kirchenzeitungen, dass der Vater des neuen Seligen aus dem Egerland in das seit 1878 \u00f6sterreichische Bosnien gekommen war.<\/p><\/div><\/div><div class='clear_column'><\/div><div class='content-column one_half'><div style=\"padding-right:6px;\"><p>Na inicijativu \u017eupnika vl\u010d. Jure Martini\u0107a i samih \u017eupljana u spomen na posjet i boravak bl. Ivana Merza u ovome mjestu \u017eupa Vel. Grablje postavila je za Uskrs 2015. spomen plo\u010du u \u010dast bl. Ivana Merza na vanjski zid crkve kraj mjesta gdje se s nutarnje strane nalazi oltar Majke Bo\u017eje.<\/p><\/div><\/div><div class='content-column one_half last_column'><div style=\"padding-right:0px;padding-left:6px;\"><p>Auf Initiative des Pfarrers vl\u010d. Jure Martini\u0107 und der Gemeindemitglieder in Erinnerung an den Besuch und Aufenthalt des seligen Ivan Merz an diesem Ort, brachte die Pfarre Velo Grablje zu Ostern 2015 eine Gedenktafel zu Ehren des Seligen Ivan Merz an der Au\u00dfenwand der Kirche in der N\u00e4he der Stelle an, wo innen der Altar Unserer Lieben Frau steht.<\/p><\/div><\/div><div class='clear_column'><\/div><\/p>\n<p style=\"text-align: right;\"><a href=\"#seite_oben\">natrag na vrh \/ Seitenanfang<\/a><\/p>\n<hr \/>\n<p><strong>Linkovi \/ Links<\/strong><\/p>\n<p><span style=\"color: #3366ff;\"><a style=\"color: #3366ff;\" href=\"https:\/\/www.topohvar.at\/topo\/orte\/br\/br-ci-01-2\/\">\u017dupna crkva \u00bbSv. Juraj mu\u010denik\u00ab \/ Pfarrkirche zum hl. Georg<\/a><br \/>\n<a style=\"color: #3366ff;\" href=\"https:\/\/www.topohvar.at\/orte\/gv\/gv-is-06-1\/\">Velo Grablje &#8211; Spomen plo\u010da \/ Gedenktafel \u00bbBla\u017eeni Ivan Merz\u00ab\u00a0<\/a><br \/>\n<\/span><\/p>\n","protected":false},"excerpt":{"rendered":"<p>Ime \/ Name Spomen plo\u010da \u00bbIvan Merz\u00ab \/ Gedenktafel \u00bbIvan Merz\u00ab Code: BR-IS-06\u00a0 \u00a0 \u00a0 \u00a0 \u00a0 \u00a0 \u00a0 \u00a0 \u00a0 \u00a0 \u00a0 \u00a0 \u00a0 \u00a0 \u00a0 \u00a0 \u00a0 \u00a0 \u00a0 \u00a0 Adresa \/ Adresse Brusje, trg Bl. Ivana Merza &hellip; <a href=\"https:\/\/www.topohvar.at\/topo\/orte\/br\/br-is-06-2\/\">Weiterlesen <span class=\"meta-nav\">&rarr;<\/span><\/a><\/p>\n","protected":false},"author":1,"featured_media":0,"parent":65,"menu_order":0,"comment_status":"closed","ping_status":"closed","template":"","meta":{"footnotes":""},"class_list":["post-999","page","type-page","status-publish","hentry"],"_links":{"self":[{"href":"https:\/\/www.topohvar.at\/topo\/wp-json\/wp\/v2\/pages\/999","targetHints":{"allow":["GET"]}}],"collection":[{"href":"https:\/\/www.topohvar.at\/topo\/wp-json\/wp\/v2\/pages"}],"about":[{"href":"https:\/\/www.topohvar.at\/topo\/wp-json\/wp\/v2\/types\/page"}],"author":[{"embeddable":true,"href":"https:\/\/www.topohvar.at\/topo\/wp-json\/wp\/v2\/users\/1"}],"replies":[{"embeddable":true,"href":"https:\/\/www.topohvar.at\/topo\/wp-json\/wp\/v2\/comments?post=999"}],"version-history":[{"count":14,"href":"https:\/\/www.topohvar.at\/topo\/wp-json\/wp\/v2\/pages\/999\/revisions"}],"predecessor-version":[{"id":51441,"href":"https:\/\/www.topohvar.at\/topo\/wp-json\/wp\/v2\/pages\/999\/revisions\/51441"}],"up":[{"embeddable":true,"href":"https:\/\/www.topohvar.at\/topo\/wp-json\/wp\/v2\/pages\/65"}],"wp:attachment":[{"href":"https:\/\/www.topohvar.at\/topo\/wp-json\/wp\/v2\/media?parent=999"}],"curies":[{"name":"wp","href":"https:\/\/api.w.org\/{rel}","templated":true}]}}